{"id":1667,"date":"2024-10-25T09:23:51","date_gmt":"2024-10-25T11:23:51","guid":{"rendered":"https:\/\/seangolden.ie\/wp\/?page_id=1667"},"modified":"2025-07-28T18:43:49","modified_gmt":"2025-07-28T20:43:49","slug":"china-en-perspectiva-analisis-e-interpretaciones","status":"publish","type":"page","link":"https:\/\/seangolden.ie\/wp\/china-en-perspectiva-analisis-e-interpretaciones\/","title":{"rendered":"China en perspectiva. An\u00e1lisis e interpretaciones (2013)"},"content":{"rendered":"<h2><a href=\"https:\/\/www.bellaterra.coop\/es\/libros\/china-en-perspectiva\"><img loading=\"lazy\" decoding=\"async\" class=\"wp-image-1668 alignleft\" src=\"https:\/\/seangolden.ie\/wp\/wp-content\/uploads\/2024\/10\/china-en-perspectiva-bellaterra-192x300.jpg\" alt=\"\" width=\"218\" height=\"341\" srcset=\"https:\/\/seangolden.ie\/wp\/wp-content\/uploads\/2024\/10\/china-en-perspectiva-bellaterra-192x300.jpg 192w, https:\/\/seangolden.ie\/wp\/wp-content\/uploads\/2024\/10\/china-en-perspectiva-bellaterra-656x1024.jpg 656w, https:\/\/seangolden.ie\/wp\/wp-content\/uploads\/2024\/10\/china-en-perspectiva-bellaterra-768x1198.jpg 768w, https:\/\/seangolden.ie\/wp\/wp-content\/uploads\/2024\/10\/china-en-perspectiva-bellaterra.jpg 769w\" sizes=\"auto, (max-width: 218px) 100vw, 218px\" \/><\/a><strong><em><a href=\"https:\/\/www.bellaterra.coop\/es\/libros\/china-en-perspectiva\">China en perspectiva. An\u00e1lisis e interpretaciones<\/a><\/em><\/strong><\/h2>\n<p>Se\u00e1n Golden<\/p>\n<p>Barcelona: Edicions Bellaterra, 2013<\/p>\n<p>Nadie duda hoy en d\u00eda que China sea un pa\u00eds de suma importancia, uno de los principales actores de la geopol\u00edtica y econom\u00eda mundial. Pero al p\u00fablico en general le faltan conocimientos lo suficientemente profundos de la realidad china para comprender c\u00f3mo funciona y c\u00f3mo reacciona a los sucesos de escala global. El aumento del poder econ\u00f3mico de zonas no pertenecientes a la UE ni a EE.UU. lleva a muchos analistas a hablar de un nuevo orden mundial \u00abpos-occidental\u00bb. Si Europa y Estados Unidos no han sabido c\u00f3mo reaccionar a estos cambios, se debe en parte al exceso de confianza en el valor \u00abuniversal\u00bb del modelo de desarrollo euroestadounidense en la historia moderna, as\u00ed como a la ausencia de nuevos planteamientos que permitan comprender las transformaciones que surgen de historias sociales, econ\u00f3micas y pol\u00edticas distintas: los paradigmas propios de las circunstancias euroestadounidenses se convirtieron en \u00abparadogmas\u00bb que han acabado constri\u00f1endo sus perspectivas. De momento, China defiende un mundo multipolar y diverso como alternativo a la hegemon\u00eda. Las grandes preguntas que debe contestar cualquier proyecci\u00f3n de futuro son: \u00bfc\u00f3mo ser\u00e1 o deber\u00eda ser un orden mundial con China como potencia preeminente?, y \u00bfc\u00f3mo responder\u00e1n las actuales potencias ante esta nueva situaci\u00f3n?<\/p>\n<p>Portada: foto de Naoise Golden<\/p>\n<p>ISBN-10: \u200e847290606X; ISBN-13: \u200e978-8472906068<\/p>\n","protected":false},"excerpt":{"rendered":"<p>China en perspectiva. An\u00e1lisis e interpretaciones Se\u00e1n Golden Barcelona: Edicions Bellaterra, 2013 Nadie duda hoy en d\u00eda que China sea un pa\u00eds de suma importancia, uno de los principales actores de la geopol\u00edtica y econom\u00eda mundial. Pero al p\u00fablico en general le faltan conocimientos lo suficientemente profundos de la realidad china para comprender c\u00f3mo funciona [&hellip;]<\/p>\n","protected":false},"author":1,"featured_media":0,"parent":0,"menu_order":0,"comment_status":"closed","ping_status":"closed","template":"","meta":{"footnotes":""},"class_list":["post-1667","page","type-page","status-publish","hentry"],"jetpack_sharing_enabled":true,"_links":{"self":[{"href":"https:\/\/seangolden.ie\/wp\/wp-json\/wp\/v2\/pages\/1667","targetHints":{"allow":["GET"]}}],"collection":[{"href":"https:\/\/seangolden.ie\/wp\/wp-json\/wp\/v2\/pages"}],"about":[{"href":"https:\/\/seangolden.ie\/wp\/wp-json\/wp\/v2\/types\/page"}],"author":[{"embeddable":true,"href":"https:\/\/seangolden.ie\/wp\/wp-json\/wp\/v2\/users\/1"}],"replies":[{"embeddable":true,"href":"https:\/\/seangolden.ie\/wp\/wp-json\/wp\/v2\/comments?post=1667"}],"version-history":[{"count":7,"href":"https:\/\/seangolden.ie\/wp\/wp-json\/wp\/v2\/pages\/1667\/revisions"}],"predecessor-version":[{"id":1799,"href":"https:\/\/seangolden.ie\/wp\/wp-json\/wp\/v2\/pages\/1667\/revisions\/1799"}],"wp:attachment":[{"href":"https:\/\/seangolden.ie\/wp\/wp-json\/wp\/v2\/media?parent=1667"}],"curies":[{"name":"wp","href":"https:\/\/api.w.org\/{rel}","templated":true}]}}